{"id":1609,"date":"2023-10-05T13:31:56","date_gmt":"2023-10-05T11:31:56","guid":{"rendered":"https:\/\/osloteamtrafikkskole.no\/?page_id=1609"},"modified":"2024-05-22T12:11:20","modified_gmt":"2024-05-22T10:11:20","slug":"stilling-ledig","status":"publish","type":"page","link":"https:\/\/osloteamtrafikkskole.no\/en_gb\/stilling-ledig\/","title":{"rendered":"Available position"},"content":{"rendered":"<div data-elementor-type=\"wp-page\" data-elementor-id=\"1609\" class=\"elementor elementor-1609\" data-elementor-settings=\"{&quot;element_pack_global_tooltip_width&quot;:{&quot;unit&quot;:&quot;px&quot;,&quot;size&quot;:&quot;&quot;,&quot;sizes&quot;:[]},&quot;element_pack_global_tooltip_width_tablet&quot;:{&quot;unit&quot;:&quot;px&quot;,&quot;size&quot;:&quot;&quot;,&quot;sizes&quot;:[]},&quot;element_pack_global_tooltip_width_mobile_extra&quot;:{&quot;unit&quot;:&quot;px&quot;,&quot;size&quot;:&quot;&quot;,&quot;sizes&quot;:[]},&quot;element_pack_global_tooltip_width_mobile&quot;:{&quot;unit&quot;:&quot;px&quot;,&quot;size&quot;:&quot;&quot;,&quot;sizes&quot;:[]},&quot;element_pack_global_tooltip_padding&quot;:{&quot;unit&quot;:&quot;px&quot;,&quot;top&quot;:&quot;&quot;,&quot;right&quot;:&quot;&quot;,&quot;bottom&quot;:&quot;&quot;,&quot;left&quot;:&quot;&quot;,&quot;isLinked&quot;:true},&quot;element_pack_global_tooltip_padding_tablet&quot;:{&quot;unit&quot;:&quot;px&quot;,&quot;top&quot;:&quot;&quot;,&quot;right&quot;:&quot;&quot;,&quot;bottom&quot;:&quot;&quot;,&quot;left&quot;:&quot;&quot;,&quot;isLinked&quot;:true},&quot;element_pack_global_tooltip_padding_mobile_extra&quot;:{&quot;unit&quot;:&quot;px&quot;,&quot;top&quot;:&quot;&quot;,&quot;right&quot;:&quot;&quot;,&quot;bottom&quot;:&quot;&quot;,&quot;left&quot;:&quot;&quot;,&quot;isLinked&quot;:true},&quot;element_pack_global_tooltip_padding_mobile&quot;:{&quot;unit&quot;:&quot;px&quot;,&quot;top&quot;:&quot;&quot;,&quot;right&quot;:&quot;&quot;,&quot;bottom&quot;:&quot;&quot;,&quot;left&quot;:&quot;&quot;,&quot;isLinked&quot;:true},&quot;element_pack_global_tooltip_border_radius&quot;:{&quot;unit&quot;:&quot;px&quot;,&quot;top&quot;:&quot;&quot;,&quot;right&quot;:&quot;&quot;,&quot;bottom&quot;:&quot;&quot;,&quot;left&quot;:&quot;&quot;,&quot;isLinked&quot;:true},&quot;element_pack_global_tooltip_border_radius_tablet&quot;:{&quot;unit&quot;:&quot;px&quot;,&quot;top&quot;:&quot;&quot;,&quot;right&quot;:&quot;&quot;,&quot;bottom&quot;:&quot;&quot;,&quot;left&quot;:&quot;&quot;,&quot;isLinked&quot;:true},&quot;element_pack_global_tooltip_border_radius_mobile_extra&quot;:{&quot;unit&quot;:&quot;px&quot;,&quot;top&quot;:&quot;&quot;,&quot;right&quot;:&quot;&quot;,&quot;bottom&quot;:&quot;&quot;,&quot;left&quot;:&quot;&quot;,&quot;isLinked&quot;:true},&quot;element_pack_global_tooltip_border_radius_mobile&quot;:{&quot;unit&quot;:&quot;px&quot;,&quot;top&quot;:&quot;&quot;,&quot;right&quot;:&quot;&quot;,&quot;bottom&quot;:&quot;&quot;,&quot;left&quot;:&quot;&quot;,&quot;isLinked&quot;:true}}\" data-elementor-post-type=\"page\">\n\t\t\t\t\t\t<section class=\"elementor-section elementor-top-section elementor-element elementor-element-b8e47cf elementor-section-height-min-height elementor-section-boxed elementor-section-height-default elementor-section-items-middle\" data-id=\"b8e47cf\" data-element_type=\"section\" data-e-type=\"section\" data-settings=\"{&quot;background_background&quot;:&quot;classic&quot;}\">\n\t\t\t\t\t\t\t<div class=\"elementor-background-overlay\"><\/div>\n\t\t\t\t\t\t\t<div class=\"elementor-container elementor-column-gap-default\">\n\t\t\t\t\t<div class=\"elementor-column elementor-col-100 elementor-top-column elementor-element elementor-element-2e5063b\" data-id=\"2e5063b\" data-element_type=\"column\" data-e-type=\"column\">\n\t\t\t<div class=\"elementor-widget-wrap elementor-element-populated\">\n\t\t\t\t\t\t<div class=\"elementor-element elementor-element-0944e33 elementor-widget elementor-widget-heading\" data-id=\"0944e33\" data-element_type=\"widget\" data-e-type=\"widget\" data-widget_type=\"heading.default\">\n\t\t\t\t<div class=\"elementor-widget-container\">\n\t\t\t\t\t<h2 class=\"elementor-heading-title elementor-size-default\">Available position<\/h2>\t\t\t\t<\/div>\n\t\t\t\t<\/div>\n\t\t\t\t\t<\/div>\n\t\t<\/div>\n\t\t\t\t\t<\/div>\n\t\t<\/section>\n\t\t\t\t<section class=\"elementor-section elementor-top-section elementor-element elementor-element-9e7b2f8 elementor-section-boxed elementor-section-height-default elementor-section-height-default\" data-id=\"9e7b2f8\" data-element_type=\"section\" data-e-type=\"section\" data-settings=\"{&quot;background_background&quot;:&quot;classic&quot;}\">\n\t\t\t\t\t\t<div class=\"elementor-container elementor-column-gap-default\">\n\t\t\t\t\t<div class=\"elementor-column elementor-col-100 elementor-top-column elementor-element elementor-element-96144c2\" data-id=\"96144c2\" data-element_type=\"column\" data-e-type=\"column\">\n\t\t\t<div class=\"elementor-widget-wrap elementor-element-populated\">\n\t\t\t\t\t\t<div class=\"elementor-element elementor-element-0575dc4 elementor-widget elementor-widget-heading\" data-id=\"0575dc4\" data-element_type=\"widget\" data-e-type=\"widget\" data-widget_type=\"heading.default\">\n\t\t\t\t<div class=\"elementor-widget-container\">\n\t\t\t\t\t<h2 class=\"elementor-heading-title elementor-size-default\">Are you a driving instructor looking for new challenges?<\/h2>\t\t\t\t<\/div>\n\t\t\t\t<\/div>\n\t\t\t\t<div class=\"elementor-element elementor-element-83b454e elementor-widget elementor-widget-heading\" data-id=\"83b454e\" data-element_type=\"widget\" data-e-type=\"widget\" data-widget_type=\"heading.default\">\n\t\t\t\t<div class=\"elementor-widget-container\">\n\t\t\t\t\t<h4 class=\"elementor-heading-title elementor-size-default\">Become part of our team!<\/h4>\t\t\t\t<\/div>\n\t\t\t\t<\/div>\n\t\t\t\t<div class=\"elementor-element elementor-element-4f2379f elementor-widget elementor-widget-text-editor\" data-id=\"4f2379f\" data-element_type=\"widget\" data-e-type=\"widget\" data-widget_type=\"text-editor.default\">\n\t\t\t\t<div class=\"elementor-widget-container\">\n\t\t\t\t\t\t\t\t\t<p>Since 2008, Oslo Team Trafikkskole has been well established in Frogner, one of Oslo's oldest and most beautiful neighbourhoods. We're proud of our experienced and friendly teachers, who contribute to good results, positive student reviews (including our Google reviews), low failure rates and a steady stream of new students.<\/p><p><strong>We offer:<\/strong><\/p><ul><li>Good salary conditions<\/li><li>Flexible working hours<\/li><li>A positive and inclusive working environment<\/li><li>Opportunities for independent work<\/li><li>Coverage of telephone expenses<\/li><li>Access to company car<\/li><li>Good holiday pay schemes<\/li><li>Good working environment<\/li><li>Professional updates<\/li><\/ul><p><strong>Desired qualifications:<\/strong><\/p><ul><li>Certified traffic instructor - class B.<\/li><li>Good communication skills - just great if you are fluent in English or another foreign language<\/li><li>Ability to motivate, engage and follow up learners through their journey towards their driving licence<\/li><li>Independent and structured<\/li><\/ul><p><strong>Work tasks:<\/strong><\/p><ul><li>Plan your own working day<\/li><li>Guide your learners through the entire training process<\/li><li>Hold a basic traffic course, first aid course and road user in the dark<\/li><\/ul><p><strong>Why choose us?<\/strong><\/p><p>With us, you get an exciting and varied working day with a focus on quality and safety in training. We value our employees and take good care of them.<\/p><p><strong>Is this of interest to you?<\/strong><\/p><p>Please send us an application and CV to:<\/p><p><a href=\"mailto:post@osloteamtrafikkskole.no\">post@osloteamtrafikkskole.no<\/a> or contact Mette directly on tel. 40106060.<\/p><p>We look forward to hearing from you!<\/p>\t\t\t\t\t\t\t\t<\/div>\n\t\t\t\t<\/div>\n\t\t\t\t\t<\/div>\n\t\t<\/div>\n\t\t\t\t\t<\/div>\n\t\t<\/section>\n\t\t\t\t<\/div>","protected":false},"excerpt":{"rendered":"<p>Stilling ledig Er du en trafikkl\u00e6rer som s\u00f8ker nye utfordringer? Bli en del av v\u00e5rt team! Siden 2008 har Oslo Team Trafikkskole v\u00e6rt godt etablert p\u00e5 Frogner, en av Oslos eldste og flotteste bydeler. Vi er stolte av v\u00e5re erfarne og vennlige l\u00e6rere, som bidrar til gode resultater, positive elevomtaler (inkludert v\u00e5re Google-anmeldelser), lav strykprosent [&hellip;]<\/p>\n","protected":false},"author":1,"featured_media":0,"parent":0,"menu_order":0,"comment_status":"closed","ping_status":"closed","template":"","meta":{"footnotes":""},"class_list":["post-1609","page","type-page","status-publish","hentry"],"yoast_head":"<!-- This site is optimized with the Yoast SEO plugin v27.4 - https:\/\/yoast.com\/product\/yoast-seo-wordpress\/ -->\n<title>Stilling ledig - Oslo Team Trafikkskole As<\/title>\n<meta name=\"robots\" content=\"index, follow, max-snippet:-1, max-image-preview:large, max-video-preview:-1\" \/>\n<link rel=\"canonical\" href=\"https:\/\/osloteamtrafikkskole.no\/en_gb\/stilling-ledig\/\" \/>\n<meta property=\"og:locale\" content=\"en_GB\" \/>\n<meta property=\"og:type\" content=\"article\" \/>\n<meta property=\"og:title\" content=\"Stilling ledig - Oslo Team Trafikkskole As\" \/>\n<meta property=\"og:description\" content=\"Stilling ledig Er du en trafikkl\u00e6rer som s\u00f8ker nye utfordringer? Bli en del av v\u00e5rt team! Siden 2008 har Oslo Team Trafikkskole v\u00e6rt godt etablert p\u00e5 Frogner, en av Oslos eldste og flotteste bydeler. Vi er stolte av v\u00e5re erfarne og vennlige l\u00e6rere, som bidrar til gode resultater, positive elevomtaler (inkludert v\u00e5re Google-anmeldelser), lav strykprosent [&hellip;]\" \/>\n<meta property=\"og:url\" content=\"https:\/\/osloteamtrafikkskole.no\/en_gb\/stilling-ledig\/\" \/>\n<meta property=\"og:site_name\" content=\"Oslo Team Trafikkskole As\" \/>\n<meta property=\"article:publisher\" content=\"https:\/\/www.facebook.com\/osloteamtrafikkskole?locale=nb_NO\" \/>\n<meta property=\"article:modified_time\" content=\"2024-05-22T10:11:20+00:00\" \/>\n<meta name=\"twitter:card\" content=\"summary_large_image\" \/>\n<meta name=\"twitter:label1\" content=\"Estimated reading time\" \/>\n\t<meta name=\"twitter:data1\" content=\"2 minutes\" \/>\n<script type=\"application\/ld+json\" class=\"yoast-schema-graph\">{\"@context\":\"https:\\\/\\\/schema.org\",\"@graph\":[{\"@type\":\"WebPage\",\"@id\":\"https:\\\/\\\/osloteamtrafikkskole.no\\\/stilling-ledig\\\/\",\"url\":\"https:\\\/\\\/osloteamtrafikkskole.no\\\/stilling-ledig\\\/\",\"name\":\"Stilling ledig - Oslo Team Trafikkskole As\",\"isPartOf\":{\"@id\":\"https:\\\/\\\/osloteamtrafikkskole.no\\\/#website\"},\"datePublished\":\"2023-10-05T11:31:56+00:00\",\"dateModified\":\"2024-05-22T10:11:20+00:00\",\"breadcrumb\":{\"@id\":\"https:\\\/\\\/osloteamtrafikkskole.no\\\/stilling-ledig\\\/#breadcrumb\"},\"inLanguage\":\"en-GB\",\"potentialAction\":[{\"@type\":\"ReadAction\",\"target\":[\"https:\\\/\\\/osloteamtrafikkskole.no\\\/stilling-ledig\\\/\"]}]},{\"@type\":\"BreadcrumbList\",\"@id\":\"https:\\\/\\\/osloteamtrafikkskole.no\\\/stilling-ledig\\\/#breadcrumb\",\"itemListElement\":[{\"@type\":\"ListItem\",\"position\":1,\"name\":\"Hjem\",\"item\":\"https:\\\/\\\/osloteamtrafikkskole.no\\\/\"},{\"@type\":\"ListItem\",\"position\":2,\"name\":\"Stilling ledig\"}]},{\"@type\":\"WebSite\",\"@id\":\"https:\\\/\\\/osloteamtrafikkskole.no\\\/#website\",\"url\":\"https:\\\/\\\/osloteamtrafikkskole.no\\\/\",\"name\":\"Oslo Team Trafikkskole As\",\"description\":\"Din trafikkskole i Oslo\",\"publisher\":{\"@id\":\"https:\\\/\\\/osloteamtrafikkskole.no\\\/#organization\"},\"potentialAction\":[{\"@type\":\"SearchAction\",\"target\":{\"@type\":\"EntryPoint\",\"urlTemplate\":\"https:\\\/\\\/osloteamtrafikkskole.no\\\/?s={search_term_string}\"},\"query-input\":{\"@type\":\"PropertyValueSpecification\",\"valueRequired\":true,\"valueName\":\"search_term_string\"}}],\"inLanguage\":\"en-GB\"},{\"@type\":\"Organization\",\"@id\":\"https:\\\/\\\/osloteamtrafikkskole.no\\\/#organization\",\"name\":\"Oslo Team Trafikkskole As\",\"url\":\"https:\\\/\\\/osloteamtrafikkskole.no\\\/\",\"logo\":{\"@type\":\"ImageObject\",\"inLanguage\":\"en-GB\",\"@id\":\"https:\\\/\\\/osloteamtrafikkskole.no\\\/#\\\/schema\\\/logo\\\/image\\\/\",\"url\":\"https:\\\/\\\/osloteamtrafikkskole.no\\\/wp-content\\\/uploads\\\/2023\\\/05\\\/Logo_hvit_PNG.png\",\"contentUrl\":\"https:\\\/\\\/osloteamtrafikkskole.no\\\/wp-content\\\/uploads\\\/2023\\\/05\\\/Logo_hvit_PNG.png\",\"width\":1339,\"height\":375,\"caption\":\"Oslo Team Trafikkskole As\"},\"image\":{\"@id\":\"https:\\\/\\\/osloteamtrafikkskole.no\\\/#\\\/schema\\\/logo\\\/image\\\/\"},\"sameAs\":[\"https:\\\/\\\/www.facebook.com\\\/osloteamtrafikkskole?locale=nb_NO\",\"https:\\\/\\\/www.instagram.com\\\/osloteamtrafikkskole\\\/\"]}]}<\/script>\n<!-- \/ Yoast SEO plugin. -->","yoast_head_json":{"title":"Position available - Oslo Team Trafikkskole As","robots":{"index":"index","follow":"follow","max-snippet":"max-snippet:-1","max-image-preview":"max-image-preview:large","max-video-preview":"max-video-preview:-1"},"canonical":"https:\/\/osloteamtrafikkskole.no\/en_gb\/stilling-ledig\/","og_locale":"en_GB","og_type":"article","og_title":"Stilling ledig - Oslo Team Trafikkskole As","og_description":"Stilling ledig Er du en trafikkl\u00e6rer som s\u00f8ker nye utfordringer? Bli en del av v\u00e5rt team! Siden 2008 har Oslo Team Trafikkskole v\u00e6rt godt etablert p\u00e5 Frogner, en av Oslos eldste og flotteste bydeler. Vi er stolte av v\u00e5re erfarne og vennlige l\u00e6rere, som bidrar til gode resultater, positive elevomtaler (inkludert v\u00e5re Google-anmeldelser), lav strykprosent [&hellip;]","og_url":"https:\/\/osloteamtrafikkskole.no\/en_gb\/stilling-ledig\/","og_site_name":"Oslo Team Trafikkskole As","article_publisher":"https:\/\/www.facebook.com\/osloteamtrafikkskole?locale=nb_NO","article_modified_time":"2024-05-22T10:11:20+00:00","twitter_card":"summary_large_image","twitter_misc":{"Estimated reading time":"2 minutes"},"schema":{"@context":"https:\/\/schema.org","@graph":[{"@type":"WebPage","@id":"https:\/\/osloteamtrafikkskole.no\/stilling-ledig\/","url":"https:\/\/osloteamtrafikkskole.no\/stilling-ledig\/","name":"Position available - Oslo Team Trafikkskole As","isPartOf":{"@id":"https:\/\/osloteamtrafikkskole.no\/#website"},"datePublished":"2023-10-05T11:31:56+00:00","dateModified":"2024-05-22T10:11:20+00:00","breadcrumb":{"@id":"https:\/\/osloteamtrafikkskole.no\/stilling-ledig\/#breadcrumb"},"inLanguage":"en-GB","potentialAction":[{"@type":"ReadAction","target":["https:\/\/osloteamtrafikkskole.no\/stilling-ledig\/"]}]},{"@type":"BreadcrumbList","@id":"https:\/\/osloteamtrafikkskole.no\/stilling-ledig\/#breadcrumb","itemListElement":[{"@type":"ListItem","position":1,"name":"Hjem","item":"https:\/\/osloteamtrafikkskole.no\/"},{"@type":"ListItem","position":2,"name":"Stilling ledig"}]},{"@type":"WebSite","@id":"https:\/\/osloteamtrafikkskole.no\/#website","url":"https:\/\/osloteamtrafikkskole.no\/","name":"Oslo Team Trafikkskole As","description":"Your Driving School in Oslo","publisher":{"@id":"https:\/\/osloteamtrafikkskole.no\/#organization"},"potentialAction":[{"@type":"SearchAction","target":{"@type":"EntryPoint","urlTemplate":"https:\/\/osloteamtrafikkskole.no\/?s={search_term_string}"},"query-input":{"@type":"PropertyValueSpecification","valueRequired":true,"valueName":"search_term_string"}}],"inLanguage":"en-GB"},{"@type":"Organization","@id":"https:\/\/osloteamtrafikkskole.no\/#organization","name":"Oslo Team Trafikkskole As","url":"https:\/\/osloteamtrafikkskole.no\/","logo":{"@type":"ImageObject","inLanguage":"en-GB","@id":"https:\/\/osloteamtrafikkskole.no\/#\/schema\/logo\/image\/","url":"https:\/\/osloteamtrafikkskole.no\/wp-content\/uploads\/2023\/05\/Logo_hvit_PNG.png","contentUrl":"https:\/\/osloteamtrafikkskole.no\/wp-content\/uploads\/2023\/05\/Logo_hvit_PNG.png","width":1339,"height":375,"caption":"Oslo Team Trafikkskole As"},"image":{"@id":"https:\/\/osloteamtrafikkskole.no\/#\/schema\/logo\/image\/"},"sameAs":["https:\/\/www.facebook.com\/osloteamtrafikkskole?locale=nb_NO","https:\/\/www.instagram.com\/osloteamtrafikkskole\/"]}]}},"_links":{"self":[{"href":"https:\/\/osloteamtrafikkskole.no\/en_gb\/wp-json\/wp\/v2\/pages\/1609","targetHints":{"allow":["GET"]}}],"collection":[{"href":"https:\/\/osloteamtrafikkskole.no\/en_gb\/wp-json\/wp\/v2\/pages"}],"about":[{"href":"https:\/\/osloteamtrafikkskole.no\/en_gb\/wp-json\/wp\/v2\/types\/page"}],"author":[{"embeddable":true,"href":"https:\/\/osloteamtrafikkskole.no\/en_gb\/wp-json\/wp\/v2\/users\/1"}],"replies":[{"embeddable":true,"href":"https:\/\/osloteamtrafikkskole.no\/en_gb\/wp-json\/wp\/v2\/comments?post=1609"}],"version-history":[{"count":5,"href":"https:\/\/osloteamtrafikkskole.no\/en_gb\/wp-json\/wp\/v2\/pages\/1609\/revisions"}],"predecessor-version":[{"id":1831,"href":"https:\/\/osloteamtrafikkskole.no\/en_gb\/wp-json\/wp\/v2\/pages\/1609\/revisions\/1831"}],"wp:attachment":[{"href":"https:\/\/osloteamtrafikkskole.no\/en_gb\/wp-json\/wp\/v2\/media?parent=1609"}],"curies":[{"name":"wp","href":"https:\/\/api.w.org\/{rel}","templated":true}]}}