{"id":26,"date":"2023-05-05T08:40:38","date_gmt":"2023-05-05T06:40:38","guid":{"rendered":"https:\/\/sharp-villani.79-161-218-19.plesk.page\/?page_id=26"},"modified":"2026-01-13T16:23:01","modified_gmt":"2026-01-13T15:23:01","slug":"betingelser","status":"publish","type":"page","link":"https:\/\/osloteamtrafikkskole.no\/en_gb\/betingelser\/","title":{"rendered":"Conditions"},"content":{"rendered":"<div data-elementor-type=\"wp-page\" data-elementor-id=\"26\" class=\"elementor elementor-26\" data-elementor-settings=\"{&quot;element_pack_global_tooltip_width&quot;:{&quot;unit&quot;:&quot;px&quot;,&quot;size&quot;:&quot;&quot;,&quot;sizes&quot;:[]},&quot;element_pack_global_tooltip_width_tablet&quot;:{&quot;unit&quot;:&quot;px&quot;,&quot;size&quot;:&quot;&quot;,&quot;sizes&quot;:[]},&quot;element_pack_global_tooltip_width_mobile_extra&quot;:{&quot;unit&quot;:&quot;px&quot;,&quot;size&quot;:&quot;&quot;,&quot;sizes&quot;:[]},&quot;element_pack_global_tooltip_width_mobile&quot;:{&quot;unit&quot;:&quot;px&quot;,&quot;size&quot;:&quot;&quot;,&quot;sizes&quot;:[]},&quot;element_pack_global_tooltip_padding&quot;:{&quot;unit&quot;:&quot;px&quot;,&quot;top&quot;:&quot;&quot;,&quot;right&quot;:&quot;&quot;,&quot;bottom&quot;:&quot;&quot;,&quot;left&quot;:&quot;&quot;,&quot;isLinked&quot;:true},&quot;element_pack_global_tooltip_padding_tablet&quot;:{&quot;unit&quot;:&quot;px&quot;,&quot;top&quot;:&quot;&quot;,&quot;right&quot;:&quot;&quot;,&quot;bottom&quot;:&quot;&quot;,&quot;left&quot;:&quot;&quot;,&quot;isLinked&quot;:true},&quot;element_pack_global_tooltip_padding_mobile_extra&quot;:{&quot;unit&quot;:&quot;px&quot;,&quot;top&quot;:&quot;&quot;,&quot;right&quot;:&quot;&quot;,&quot;bottom&quot;:&quot;&quot;,&quot;left&quot;:&quot;&quot;,&quot;isLinked&quot;:true},&quot;element_pack_global_tooltip_padding_mobile&quot;:{&quot;unit&quot;:&quot;px&quot;,&quot;top&quot;:&quot;&quot;,&quot;right&quot;:&quot;&quot;,&quot;bottom&quot;:&quot;&quot;,&quot;left&quot;:&quot;&quot;,&quot;isLinked&quot;:true},&quot;element_pack_global_tooltip_border_radius&quot;:{&quot;unit&quot;:&quot;px&quot;,&quot;top&quot;:&quot;&quot;,&quot;right&quot;:&quot;&quot;,&quot;bottom&quot;:&quot;&quot;,&quot;left&quot;:&quot;&quot;,&quot;isLinked&quot;:true},&quot;element_pack_global_tooltip_border_radius_tablet&quot;:{&quot;unit&quot;:&quot;px&quot;,&quot;top&quot;:&quot;&quot;,&quot;right&quot;:&quot;&quot;,&quot;bottom&quot;:&quot;&quot;,&quot;left&quot;:&quot;&quot;,&quot;isLinked&quot;:true},&quot;element_pack_global_tooltip_border_radius_mobile_extra&quot;:{&quot;unit&quot;:&quot;px&quot;,&quot;top&quot;:&quot;&quot;,&quot;right&quot;:&quot;&quot;,&quot;bottom&quot;:&quot;&quot;,&quot;left&quot;:&quot;&quot;,&quot;isLinked&quot;:true},&quot;element_pack_global_tooltip_border_radius_mobile&quot;:{&quot;unit&quot;:&quot;px&quot;,&quot;top&quot;:&quot;&quot;,&quot;right&quot;:&quot;&quot;,&quot;bottom&quot;:&quot;&quot;,&quot;left&quot;:&quot;&quot;,&quot;isLinked&quot;:true}}\" data-elementor-post-type=\"page\">\n\t\t\t\t\t\t<section class=\"elementor-section elementor-top-section elementor-element elementor-element-f5c391b elementor-section-height-min-height elementor-section-boxed elementor-section-height-default elementor-section-items-middle\" data-id=\"f5c391b\" data-element_type=\"section\" data-e-type=\"section\" data-settings=\"{&quot;background_background&quot;:&quot;classic&quot;}\">\n\t\t\t\t\t\t\t<div class=\"elementor-background-overlay\"><\/div>\n\t\t\t\t\t\t\t<div class=\"elementor-container elementor-column-gap-default\">\n\t\t\t\t\t<div class=\"elementor-column elementor-col-100 elementor-top-column elementor-element elementor-element-45e22a9\" data-id=\"45e22a9\" data-element_type=\"column\" data-e-type=\"column\">\n\t\t\t<div class=\"elementor-widget-wrap elementor-element-populated\">\n\t\t\t\t\t\t<div class=\"elementor-element elementor-element-fdf4129 elementor-widget elementor-widget-heading\" data-id=\"fdf4129\" data-element_type=\"widget\" data-e-type=\"widget\" data-widget_type=\"heading.default\">\n\t\t\t\t<div class=\"elementor-widget-container\">\n\t\t\t\t\t<h2 class=\"elementor-heading-title elementor-size-default\">Conditions<\/h2>\t\t\t\t<\/div>\n\t\t\t\t<\/div>\n\t\t\t\t\t<\/div>\n\t\t<\/div>\n\t\t\t\t\t<\/div>\n\t\t<\/section>\n\t\t\t\t<section class=\"elementor-section elementor-top-section elementor-element elementor-element-3e85fb8 elementor-section-boxed elementor-section-height-default elementor-section-height-default\" data-id=\"3e85fb8\" data-element_type=\"section\" data-e-type=\"section\" data-settings=\"{&quot;background_background&quot;:&quot;classic&quot;}\">\n\t\t\t\t\t\t<div class=\"elementor-container elementor-column-gap-default\">\n\t\t\t\t\t<div class=\"elementor-column elementor-col-50 elementor-top-column elementor-element elementor-element-7ed5b73\" data-id=\"7ed5b73\" data-element_type=\"column\" data-e-type=\"column\">\n\t\t\t<div class=\"elementor-widget-wrap elementor-element-populated\">\n\t\t\t\t\t\t<div class=\"elementor-element elementor-element-fd87d17 elementor-widget elementor-widget-heading\" data-id=\"fd87d17\" data-element_type=\"widget\" data-e-type=\"widget\" data-widget_type=\"heading.default\">\n\t\t\t\t<div class=\"elementor-widget-container\">\n\t\t\t\t\t<h2 class=\"elementor-heading-title elementor-size-default\">CANCELLATIONS<\/h2>\t\t\t\t<\/div>\n\t\t\t\t<\/div>\n\t\t\t\t<div class=\"elementor-element elementor-element-671981c elementor-widget elementor-widget-text-editor\" data-id=\"671981c\" data-element_type=\"widget\" data-e-type=\"widget\" data-widget_type=\"text-editor.default\">\n\t\t\t\t<div class=\"elementor-widget-container\">\n\t\t\t\t\t\t\t\t\t<p>Driving lesson cancellations must be made at least 24 hours prior the scheduled time.<\/p><p>For Monday lessons, cancellations must be made by 12:00 PM on the preceding Friday.<\/p><p>Cancellation of mandatory training must take place no later than 3 days before the agreed time.<\/p><p>If you miss one of the days of the Basic Traffic Course, there will be an additional charge of NOK 700 to attend the missed day on a later course.<\/p>\t\t\t\t\t\t\t\t<\/div>\n\t\t\t\t<\/div>\n\t\t\t\t\t<\/div>\n\t\t<\/div>\n\t\t\t\t<div class=\"elementor-column elementor-col-50 elementor-top-column elementor-element elementor-element-a499e7f elementor-stretch-column-right\" data-id=\"a499e7f\" data-element_type=\"column\" data-e-type=\"column\" data-settings=\"{&quot;background_background&quot;:&quot;classic&quot;}\">\n\t\t\t<div class=\"elementor-widget-wrap elementor-element-populated\">\n\t\t\t\t\t\t<div class=\"elementor-element elementor-element-5d5d0b8 elementor-widget elementor-widget-spacer\" data-id=\"5d5d0b8\" data-element_type=\"widget\" data-e-type=\"widget\" data-widget_type=\"spacer.default\">\n\t\t\t\t<div class=\"elementor-widget-container\">\n\t\t\t\t\t\t\t<div class=\"elementor-spacer\">\n\t\t\t<div class=\"elementor-spacer-inner\"><\/div>\n\t\t<\/div>\n\t\t\t\t\t\t<\/div>\n\t\t\t\t<\/div>\n\t\t\t\t\t<\/div>\n\t\t<\/div>\n\t\t\t\t\t<\/div>\n\t\t<\/section>\n\t\t\t\t<section class=\"elementor-section elementor-top-section elementor-element elementor-element-ad72c04 elementor-reverse-tablet elementor-reverse-mobile elementor-reverse-mobile_extra elementor-section-boxed elementor-section-height-default elementor-section-height-default\" data-id=\"ad72c04\" data-element_type=\"section\" data-e-type=\"section\" data-settings=\"{&quot;background_background&quot;:&quot;classic&quot;}\">\n\t\t\t\t\t\t<div class=\"elementor-container elementor-column-gap-default\">\n\t\t\t\t\t<div class=\"elementor-column elementor-col-50 elementor-top-column elementor-element elementor-element-e1e0187 elementor-stretch-column-left\" data-id=\"e1e0187\" data-element_type=\"column\" data-e-type=\"column\" data-settings=\"{&quot;background_background&quot;:&quot;classic&quot;}\">\n\t\t\t<div class=\"elementor-widget-wrap elementor-element-populated\">\n\t\t\t\t\t\t<div class=\"elementor-element elementor-element-40fb001 elementor-widget elementor-widget-spacer\" data-id=\"40fb001\" data-element_type=\"widget\" data-e-type=\"widget\" data-widget_type=\"spacer.default\">\n\t\t\t\t<div class=\"elementor-widget-container\">\n\t\t\t\t\t\t\t<div class=\"elementor-spacer\">\n\t\t\t<div class=\"elementor-spacer-inner\"><\/div>\n\t\t<\/div>\n\t\t\t\t\t\t<\/div>\n\t\t\t\t<\/div>\n\t\t\t\t\t<\/div>\n\t\t<\/div>\n\t\t\t\t<div class=\"elementor-column elementor-col-50 elementor-top-column elementor-element elementor-element-cd4d2ed\" data-id=\"cd4d2ed\" data-element_type=\"column\" data-e-type=\"column\">\n\t\t\t<div class=\"elementor-widget-wrap elementor-element-populated\">\n\t\t\t\t\t\t<div class=\"elementor-element elementor-element-3fb35ce elementor-widget elementor-widget-heading\" data-id=\"3fb35ce\" data-element_type=\"widget\" data-e-type=\"widget\" data-widget_type=\"heading.default\">\n\t\t\t\t<div class=\"elementor-widget-container\">\n\t\t\t\t\t<h2 class=\"elementor-heading-title elementor-size-default\">PAYMENTS<\/h2>\t\t\t\t<\/div>\n\t\t\t\t<\/div>\n\t\t\t\t<div class=\"elementor-element elementor-element-86d3b3d elementor-widget elementor-widget-text-editor\" data-id=\"86d3b3d\" data-element_type=\"widget\" data-e-type=\"widget\" data-widget_type=\"text-editor.default\">\n\t\t\t\t<div class=\"elementor-widget-container\">\n\t\t\t\t\t\t\t\t\t<p>After each driving lesson, the payment is made via VIPPS using the details sent to you by SMS.<\/p><p>Upon registration for the Basic Traffic Course, Dark Demo Course or the First Aid Course, you have an option to prepay online or pay upon arrival at the course venue. Payment methods available include: card , VIPPS, or cash.<\/p><p>The packages require payment in advance. Remaining balance from the package will not be refunded. The package remains valid for 12 months from the date of purchase.<\/p>\t\t\t\t\t\t\t\t<\/div>\n\t\t\t\t<\/div>\n\t\t\t\t\t<\/div>\n\t\t<\/div>\n\t\t\t\t\t<\/div>\n\t\t<\/section>\n\t\t\t\t<section class=\"elementor-section elementor-top-section elementor-element elementor-element-1842599 elementor-section-boxed elementor-section-height-default elementor-section-height-default\" data-id=\"1842599\" data-element_type=\"section\" data-e-type=\"section\" data-settings=\"{&quot;background_background&quot;:&quot;classic&quot;}\">\n\t\t\t\t\t\t\t<div class=\"elementor-background-overlay\"><\/div>\n\t\t\t\t\t\t\t<div class=\"elementor-container elementor-column-gap-default\">\n\t\t\t\t\t<div class=\"elementor-column elementor-col-100 elementor-top-column elementor-element elementor-element-5353fc7\" data-id=\"5353fc7\" data-element_type=\"column\" data-e-type=\"column\">\n\t\t\t<div class=\"elementor-widget-wrap elementor-element-populated\">\n\t\t\t\t\t\t<div class=\"elementor-element elementor-element-a75639d elementor-widget elementor-widget-global elementor-global-280 elementor-widget-heading\" data-id=\"a75639d\" data-element_type=\"widget\" data-e-type=\"widget\" data-widget_type=\"heading.default\">\n\t\t\t\t<div class=\"elementor-widget-container\">\n\t\t\t\t\t<h2 class=\"elementor-heading-title elementor-size-default\">Contact<\/h2>\t\t\t\t<\/div>\n\t\t\t\t<\/div>\n\t\t\t\t<div class=\"elementor-element elementor-element-75b9010 elementor-widget elementor-widget-global elementor-global-277 elementor-widget-heading\" data-id=\"75b9010\" data-element_type=\"widget\" data-e-type=\"widget\" data-widget_type=\"heading.default\">\n\t\t\t\t<div class=\"elementor-widget-container\">\n\t\t\t\t\t<h2 class=\"elementor-heading-title elementor-size-default\">Embark on your journey to obtaining your driver's license<\/h2>\t\t\t\t<\/div>\n\t\t\t\t<\/div>\n\t\t\t\t<div class=\"elementor-element elementor-element-a83b9af elementor-widget elementor-widget-global elementor-global-274 elementor-widget-text-editor\" data-id=\"a83b9af\" data-element_type=\"widget\" data-e-type=\"widget\" data-widget_type=\"text-editor.default\">\n\t\t\t\t<div class=\"elementor-widget-container\">\n\t\t\t\t\t\t\t\t\t<p>We aim to offer you a qualified and secure learning atmosphere, enabling you to develop into a responsible driver. Reach out to us today to embark on your journey towards obtaining your driver's license!<\/p>\t\t\t\t\t\t\t\t<\/div>\n\t\t\t\t<\/div>\n\t\t\t\t<div class=\"elementor-element elementor-element-a9e374e elementor-align-left elementor-tablet-align-center elementor-widget elementor-widget-button\" data-id=\"a9e374e\" data-element_type=\"widget\" data-e-type=\"widget\" data-widget_type=\"button.default\">\n\t\t\t\t<div class=\"elementor-widget-container\">\n\t\t\t\t\t\t\t\t\t<div class=\"elementor-button-wrapper\">\n\t\t\t\t\t<a class=\"elementor-button elementor-button-link elementor-size-sm\" href=\"\/en_gb\/kontakt-oss\/\">\n\t\t\t\t\t\t<span class=\"elementor-button-content-wrapper\">\n\t\t\t\t\t\t\t\t\t<span class=\"elementor-button-text\">Contact<\/span>\n\t\t\t\t\t<\/span>\n\t\t\t\t\t<\/a>\n\t\t\t\t<\/div>\n\t\t\t\t\t\t\t\t<\/div>\n\t\t\t\t<\/div>\n\t\t\t\t\t<\/div>\n\t\t<\/div>\n\t\t\t\t\t<\/div>\n\t\t<\/section>\n\t\t\t\t<\/div>","protected":false},"excerpt":{"rendered":"<p>Betingelser Avbestillinger Avbestilling av kj\u00f8retimer m\u00e5 skje senest 24 timer f\u00f8r avtalt tid. Avbestilling av kj\u00f8retimer p\u00e5 mandag m\u00e5 skje senest p\u00e5 fredagen innen kl 12.00. Avbestilling av obligatorisk oppl\u00e6ring m\u00e5 skje senest 3 dager f\u00f8r avtalt tid. Ved frav\u00e6r p\u00e5 Trafikalt Grunnkurs vil gjentagelse av kursdag p\u00e5 et senere kurs bli belastet med kr. [&hellip;]<\/p>\n","protected":false},"author":1,"featured_media":0,"parent":0,"menu_order":0,"comment_status":"closed","ping_status":"closed","template":"","meta":{"footnotes":""},"class_list":["post-26","page","type-page","status-publish","hentry"],"yoast_head":"<!-- This site is optimized with the Yoast SEO plugin v27.4 - https:\/\/yoast.com\/product\/yoast-seo-wordpress\/ -->\n<title>Betingelser - Oslo Team Trafikkskole As<\/title>\n<meta name=\"robots\" content=\"index, follow, max-snippet:-1, max-image-preview:large, max-video-preview:-1\" \/>\n<link rel=\"canonical\" href=\"https:\/\/osloteamtrafikkskole.no\/en_gb\/betingelser\/\" \/>\n<meta property=\"og:locale\" content=\"en_GB\" \/>\n<meta property=\"og:type\" content=\"article\" \/>\n<meta property=\"og:title\" content=\"Betingelser - Oslo Team Trafikkskole As\" \/>\n<meta property=\"og:description\" content=\"Betingelser Avbestillinger Avbestilling av kj\u00f8retimer m\u00e5 skje senest 24 timer f\u00f8r avtalt tid. Avbestilling av kj\u00f8retimer p\u00e5 mandag m\u00e5 skje senest p\u00e5 fredagen innen kl 12.00. Avbestilling av obligatorisk oppl\u00e6ring m\u00e5 skje senest 3 dager f\u00f8r avtalt tid. Ved frav\u00e6r p\u00e5 Trafikalt Grunnkurs vil gjentagelse av kursdag p\u00e5 et senere kurs bli belastet med kr. [&hellip;]\" \/>\n<meta property=\"og:url\" content=\"https:\/\/osloteamtrafikkskole.no\/en_gb\/betingelser\/\" \/>\n<meta property=\"og:site_name\" content=\"Oslo Team Trafikkskole As\" \/>\n<meta property=\"article:publisher\" content=\"https:\/\/www.facebook.com\/osloteamtrafikkskole?locale=nb_NO\" \/>\n<meta property=\"article:modified_time\" content=\"2026-01-13T15:23:01+00:00\" \/>\n<meta name=\"twitter:card\" content=\"summary_large_image\" \/>\n<meta name=\"twitter:label1\" content=\"Estimated reading time\" \/>\n\t<meta name=\"twitter:data1\" content=\"1 minute\" \/>\n<script type=\"application\/ld+json\" class=\"yoast-schema-graph\">{\"@context\":\"https:\\\/\\\/schema.org\",\"@graph\":[{\"@type\":\"WebPage\",\"@id\":\"https:\\\/\\\/osloteamtrafikkskole.no\\\/betingelser\\\/\",\"url\":\"https:\\\/\\\/osloteamtrafikkskole.no\\\/betingelser\\\/\",\"name\":\"Betingelser - Oslo Team Trafikkskole As\",\"isPartOf\":{\"@id\":\"https:\\\/\\\/osloteamtrafikkskole.no\\\/#website\"},\"datePublished\":\"2023-05-05T06:40:38+00:00\",\"dateModified\":\"2026-01-13T15:23:01+00:00\",\"breadcrumb\":{\"@id\":\"https:\\\/\\\/osloteamtrafikkskole.no\\\/betingelser\\\/#breadcrumb\"},\"inLanguage\":\"en-GB\",\"potentialAction\":[{\"@type\":\"ReadAction\",\"target\":[\"https:\\\/\\\/osloteamtrafikkskole.no\\\/betingelser\\\/\"]}]},{\"@type\":\"BreadcrumbList\",\"@id\":\"https:\\\/\\\/osloteamtrafikkskole.no\\\/betingelser\\\/#breadcrumb\",\"itemListElement\":[{\"@type\":\"ListItem\",\"position\":1,\"name\":\"Hjem\",\"item\":\"https:\\\/\\\/osloteamtrafikkskole.no\\\/\"},{\"@type\":\"ListItem\",\"position\":2,\"name\":\"Betingelser\"}]},{\"@type\":\"WebSite\",\"@id\":\"https:\\\/\\\/osloteamtrafikkskole.no\\\/#website\",\"url\":\"https:\\\/\\\/osloteamtrafikkskole.no\\\/\",\"name\":\"Oslo Team Trafikkskole As\",\"description\":\"Din trafikkskole i Oslo\",\"publisher\":{\"@id\":\"https:\\\/\\\/osloteamtrafikkskole.no\\\/#organization\"},\"potentialAction\":[{\"@type\":\"SearchAction\",\"target\":{\"@type\":\"EntryPoint\",\"urlTemplate\":\"https:\\\/\\\/osloteamtrafikkskole.no\\\/?s={search_term_string}\"},\"query-input\":{\"@type\":\"PropertyValueSpecification\",\"valueRequired\":true,\"valueName\":\"search_term_string\"}}],\"inLanguage\":\"en-GB\"},{\"@type\":\"Organization\",\"@id\":\"https:\\\/\\\/osloteamtrafikkskole.no\\\/#organization\",\"name\":\"Oslo Team Trafikkskole As\",\"url\":\"https:\\\/\\\/osloteamtrafikkskole.no\\\/\",\"logo\":{\"@type\":\"ImageObject\",\"inLanguage\":\"en-GB\",\"@id\":\"https:\\\/\\\/osloteamtrafikkskole.no\\\/#\\\/schema\\\/logo\\\/image\\\/\",\"url\":\"https:\\\/\\\/osloteamtrafikkskole.no\\\/wp-content\\\/uploads\\\/2023\\\/05\\\/Logo_hvit_PNG.png\",\"contentUrl\":\"https:\\\/\\\/osloteamtrafikkskole.no\\\/wp-content\\\/uploads\\\/2023\\\/05\\\/Logo_hvit_PNG.png\",\"width\":1339,\"height\":375,\"caption\":\"Oslo Team Trafikkskole As\"},\"image\":{\"@id\":\"https:\\\/\\\/osloteamtrafikkskole.no\\\/#\\\/schema\\\/logo\\\/image\\\/\"},\"sameAs\":[\"https:\\\/\\\/www.facebook.com\\\/osloteamtrafikkskole?locale=nb_NO\",\"https:\\\/\\\/www.instagram.com\\\/osloteamtrafikkskole\\\/\"]}]}<\/script>\n<!-- \/ Yoast SEO plugin. -->","yoast_head_json":{"title":"Terms and conditions - Oslo Team Trafikkskole As","robots":{"index":"index","follow":"follow","max-snippet":"max-snippet:-1","max-image-preview":"max-image-preview:large","max-video-preview":"max-video-preview:-1"},"canonical":"https:\/\/osloteamtrafikkskole.no\/en_gb\/betingelser\/","og_locale":"en_GB","og_type":"article","og_title":"Betingelser - Oslo Team Trafikkskole As","og_description":"Betingelser Avbestillinger Avbestilling av kj\u00f8retimer m\u00e5 skje senest 24 timer f\u00f8r avtalt tid. Avbestilling av kj\u00f8retimer p\u00e5 mandag m\u00e5 skje senest p\u00e5 fredagen innen kl 12.00. Avbestilling av obligatorisk oppl\u00e6ring m\u00e5 skje senest 3 dager f\u00f8r avtalt tid. Ved frav\u00e6r p\u00e5 Trafikalt Grunnkurs vil gjentagelse av kursdag p\u00e5 et senere kurs bli belastet med kr. [&hellip;]","og_url":"https:\/\/osloteamtrafikkskole.no\/en_gb\/betingelser\/","og_site_name":"Oslo Team Trafikkskole As","article_publisher":"https:\/\/www.facebook.com\/osloteamtrafikkskole?locale=nb_NO","article_modified_time":"2026-01-13T15:23:01+00:00","twitter_card":"summary_large_image","twitter_misc":{"Estimated reading time":"1 minute"},"schema":{"@context":"https:\/\/schema.org","@graph":[{"@type":"WebPage","@id":"https:\/\/osloteamtrafikkskole.no\/betingelser\/","url":"https:\/\/osloteamtrafikkskole.no\/betingelser\/","name":"Terms and conditions - Oslo Team Trafikkskole As","isPartOf":{"@id":"https:\/\/osloteamtrafikkskole.no\/#website"},"datePublished":"2023-05-05T06:40:38+00:00","dateModified":"2026-01-13T15:23:01+00:00","breadcrumb":{"@id":"https:\/\/osloteamtrafikkskole.no\/betingelser\/#breadcrumb"},"inLanguage":"en-GB","potentialAction":[{"@type":"ReadAction","target":["https:\/\/osloteamtrafikkskole.no\/betingelser\/"]}]},{"@type":"BreadcrumbList","@id":"https:\/\/osloteamtrafikkskole.no\/betingelser\/#breadcrumb","itemListElement":[{"@type":"ListItem","position":1,"name":"Hjem","item":"https:\/\/osloteamtrafikkskole.no\/"},{"@type":"ListItem","position":2,"name":"Betingelser"}]},{"@type":"WebSite","@id":"https:\/\/osloteamtrafikkskole.no\/#website","url":"https:\/\/osloteamtrafikkskole.no\/","name":"Oslo Team Trafikkskole As","description":"Your Driving School in Oslo","publisher":{"@id":"https:\/\/osloteamtrafikkskole.no\/#organization"},"potentialAction":[{"@type":"SearchAction","target":{"@type":"EntryPoint","urlTemplate":"https:\/\/osloteamtrafikkskole.no\/?s={search_term_string}"},"query-input":{"@type":"PropertyValueSpecification","valueRequired":true,"valueName":"search_term_string"}}],"inLanguage":"en-GB"},{"@type":"Organization","@id":"https:\/\/osloteamtrafikkskole.no\/#organization","name":"Oslo Team Trafikkskole As","url":"https:\/\/osloteamtrafikkskole.no\/","logo":{"@type":"ImageObject","inLanguage":"en-GB","@id":"https:\/\/osloteamtrafikkskole.no\/#\/schema\/logo\/image\/","url":"https:\/\/osloteamtrafikkskole.no\/wp-content\/uploads\/2023\/05\/Logo_hvit_PNG.png","contentUrl":"https:\/\/osloteamtrafikkskole.no\/wp-content\/uploads\/2023\/05\/Logo_hvit_PNG.png","width":1339,"height":375,"caption":"Oslo Team Trafikkskole As"},"image":{"@id":"https:\/\/osloteamtrafikkskole.no\/#\/schema\/logo\/image\/"},"sameAs":["https:\/\/www.facebook.com\/osloteamtrafikkskole?locale=nb_NO","https:\/\/www.instagram.com\/osloteamtrafikkskole\/"]}]}},"_links":{"self":[{"href":"https:\/\/osloteamtrafikkskole.no\/en_gb\/wp-json\/wp\/v2\/pages\/26","targetHints":{"allow":["GET"]}}],"collection":[{"href":"https:\/\/osloteamtrafikkskole.no\/en_gb\/wp-json\/wp\/v2\/pages"}],"about":[{"href":"https:\/\/osloteamtrafikkskole.no\/en_gb\/wp-json\/wp\/v2\/types\/page"}],"author":[{"embeddable":true,"href":"https:\/\/osloteamtrafikkskole.no\/en_gb\/wp-json\/wp\/v2\/users\/1"}],"replies":[{"embeddable":true,"href":"https:\/\/osloteamtrafikkskole.no\/en_gb\/wp-json\/wp\/v2\/comments?post=26"}],"version-history":[{"count":5,"href":"https:\/\/osloteamtrafikkskole.no\/en_gb\/wp-json\/wp\/v2\/pages\/26\/revisions"}],"predecessor-version":[{"id":2068,"href":"https:\/\/osloteamtrafikkskole.no\/en_gb\/wp-json\/wp\/v2\/pages\/26\/revisions\/2068"}],"wp:attachment":[{"href":"https:\/\/osloteamtrafikkskole.no\/en_gb\/wp-json\/wp\/v2\/media?parent=26"}],"curies":[{"name":"wp","href":"https:\/\/api.w.org\/{rel}","templated":true}]}}