{"id":28,"date":"2023-05-05T08:41:31","date_gmt":"2023-05-05T06:41:31","guid":{"rendered":"https:\/\/sharp-villani.79-161-218-19.plesk.page\/?page_id=28"},"modified":"2023-06-21T14:32:13","modified_gmt":"2023-06-21T12:32:13","slug":"kontakt-oss","status":"publish","type":"page","link":"https:\/\/osloteamtrafikkskole.no\/en_gb\/kontakt-oss\/","title":{"rendered":"Contact"},"content":{"rendered":"\t\t<div data-elementor-type=\"wp-page\" data-elementor-id=\"28\" class=\"elementor elementor-28\" data-elementor-settings=\"{&quot;element_pack_global_tooltip_width&quot;:{&quot;unit&quot;:&quot;px&quot;,&quot;size&quot;:&quot;&quot;,&quot;sizes&quot;:[]},&quot;element_pack_global_tooltip_width_tablet&quot;:{&quot;unit&quot;:&quot;px&quot;,&quot;size&quot;:&quot;&quot;,&quot;sizes&quot;:[]},&quot;element_pack_global_tooltip_width_mobile_extra&quot;:{&quot;unit&quot;:&quot;px&quot;,&quot;size&quot;:&quot;&quot;,&quot;sizes&quot;:[]},&quot;element_pack_global_tooltip_width_mobile&quot;:{&quot;unit&quot;:&quot;px&quot;,&quot;size&quot;:&quot;&quot;,&quot;sizes&quot;:[]},&quot;element_pack_global_tooltip_padding&quot;:{&quot;unit&quot;:&quot;px&quot;,&quot;top&quot;:&quot;&quot;,&quot;right&quot;:&quot;&quot;,&quot;bottom&quot;:&quot;&quot;,&quot;left&quot;:&quot;&quot;,&quot;isLinked&quot;:true},&quot;element_pack_global_tooltip_padding_tablet&quot;:{&quot;unit&quot;:&quot;px&quot;,&quot;top&quot;:&quot;&quot;,&quot;right&quot;:&quot;&quot;,&quot;bottom&quot;:&quot;&quot;,&quot;left&quot;:&quot;&quot;,&quot;isLinked&quot;:true},&quot;element_pack_global_tooltip_padding_mobile_extra&quot;:{&quot;unit&quot;:&quot;px&quot;,&quot;top&quot;:&quot;&quot;,&quot;right&quot;:&quot;&quot;,&quot;bottom&quot;:&quot;&quot;,&quot;left&quot;:&quot;&quot;,&quot;isLinked&quot;:true},&quot;element_pack_global_tooltip_padding_mobile&quot;:{&quot;unit&quot;:&quot;px&quot;,&quot;top&quot;:&quot;&quot;,&quot;right&quot;:&quot;&quot;,&quot;bottom&quot;:&quot;&quot;,&quot;left&quot;:&quot;&quot;,&quot;isLinked&quot;:true},&quot;element_pack_global_tooltip_border_radius&quot;:{&quot;unit&quot;:&quot;px&quot;,&quot;top&quot;:&quot;&quot;,&quot;right&quot;:&quot;&quot;,&quot;bottom&quot;:&quot;&quot;,&quot;left&quot;:&quot;&quot;,&quot;isLinked&quot;:true},&quot;element_pack_global_tooltip_border_radius_tablet&quot;:{&quot;unit&quot;:&quot;px&quot;,&quot;top&quot;:&quot;&quot;,&quot;right&quot;:&quot;&quot;,&quot;bottom&quot;:&quot;&quot;,&quot;left&quot;:&quot;&quot;,&quot;isLinked&quot;:true},&quot;element_pack_global_tooltip_border_radius_mobile_extra&quot;:{&quot;unit&quot;:&quot;px&quot;,&quot;top&quot;:&quot;&quot;,&quot;right&quot;:&quot;&quot;,&quot;bottom&quot;:&quot;&quot;,&quot;left&quot;:&quot;&quot;,&quot;isLinked&quot;:true},&quot;element_pack_global_tooltip_border_radius_mobile&quot;:{&quot;unit&quot;:&quot;px&quot;,&quot;top&quot;:&quot;&quot;,&quot;right&quot;:&quot;&quot;,&quot;bottom&quot;:&quot;&quot;,&quot;left&quot;:&quot;&quot;,&quot;isLinked&quot;:true}}\" data-elementor-post-type=\"page\">\n\t\t\t\t\t\t<section class=\"elementor-section elementor-top-section elementor-element elementor-element-97eb442 elementor-section-height-min-height elementor-section-boxed elementor-section-height-default elementor-section-items-middle\" data-id=\"97eb442\" data-element_type=\"section\" data-e-type=\"section\" data-settings=\"{&quot;background_background&quot;:&quot;classic&quot;}\">\n\t\t\t\t\t\t\t<div class=\"elementor-background-overlay\"><\/div>\n\t\t\t\t\t\t\t<div class=\"elementor-container elementor-column-gap-default\">\n\t\t\t\t\t<div class=\"elementor-column elementor-col-100 elementor-top-column elementor-element elementor-element-8a8442f\" data-id=\"8a8442f\" data-element_type=\"column\" data-e-type=\"column\">\n\t\t\t<div class=\"elementor-widget-wrap elementor-element-populated\">\n\t\t\t\t\t\t<div class=\"elementor-element elementor-element-e0bd18c elementor-widget elementor-widget-heading\" data-id=\"e0bd18c\" data-element_type=\"widget\" data-e-type=\"widget\" data-widget_type=\"heading.default\">\n\t\t\t\t<div class=\"elementor-widget-container\">\n\t\t\t\t\t<h2 class=\"elementor-heading-title elementor-size-default\">Kontakt oss<\/h2>\t\t\t\t<\/div>\n\t\t\t\t<\/div>\n\t\t\t\t\t<\/div>\n\t\t<\/div>\n\t\t\t\t\t<\/div>\n\t\t<\/section>\n\t\t\t\t<section class=\"elementor-section elementor-top-section elementor-element elementor-element-5f3977a elementor-section-boxed elementor-section-height-default elementor-section-height-default\" data-id=\"5f3977a\" data-element_type=\"section\" data-e-type=\"section\" data-settings=\"{&quot;background_background&quot;:&quot;classic&quot;}\">\n\t\t\t\t\t\t<div class=\"elementor-container elementor-column-gap-default\">\n\t\t\t\t\t<div class=\"elementor-column elementor-col-50 elementor-top-column elementor-element elementor-element-915f96d\" data-id=\"915f96d\" data-element_type=\"column\" data-e-type=\"column\">\n\t\t\t<div class=\"elementor-widget-wrap elementor-element-populated\">\n\t\t\t\t\t\t<div class=\"elementor-element elementor-element-6030195 elementor-widget elementor-widget-heading\" data-id=\"6030195\" data-element_type=\"widget\" data-e-type=\"widget\" data-widget_type=\"heading.default\">\n\t\t\t\t<div class=\"elementor-widget-container\">\n\t\t\t\t\t<h2 class=\"elementor-heading-title elementor-size-default\">Kontakt oss<\/h2>\t\t\t\t<\/div>\n\t\t\t\t<\/div>\n\t\t\t\t<div class=\"elementor-element elementor-element-8d7bfef elementor-widget elementor-widget-heading\" data-id=\"8d7bfef\" data-element_type=\"widget\" data-e-type=\"widget\" data-widget_type=\"heading.default\">\n\t\t\t\t<div class=\"elementor-widget-container\">\n\t\t\t\t\t<h2 class=\"elementor-heading-title elementor-size-default\">Oslo team Trafikkskole <\/h2>\t\t\t\t<\/div>\n\t\t\t\t<\/div>\n\t\t\t\t<div class=\"elementor-element elementor-element-a6c1f09 elementor-widget elementor-widget-text-editor\" data-id=\"a6c1f09\" data-element_type=\"widget\" data-e-type=\"widget\" data-widget_type=\"text-editor.default\">\n\t\t\t\t<div class=\"elementor-widget-container\">\n\t\t\t\t\t\t\t\t\t<p>\u00d8nsker du \u00e5 starte p\u00e5 din vei mot f\u00f8rerkortet? Vi hjelper deg gjerne, og tilpasser oss etter dine behov. Det er viktig for oss at du skal ha en trygg og god start p\u00e5 f\u00f8reroppl\u00e6ringen.<\/p><p>Vi holder til sentralt p\u00e5 Frogner i Odinsgate 11. For \u00e5 komme til oss kan du enkelt benytte deg av trikk nr. 12 til Elisenberg, eller med buss til Frogner kirke.<\/p><p>Har du sp\u00f8rsm\u00e5l eller andre \u00f8nsker s\u00e5 ta gjerne kontakt med oss.<\/p>\t\t\t\t\t\t\t\t<\/div>\n\t\t\t\t<\/div>\n\t\t\t\t<div class=\"elementor-element elementor-element-3e4de08 elementor-align-left elementor-tablet-align-center elementor-widget elementor-widget-button\" data-id=\"3e4de08\" data-element_type=\"widget\" data-e-type=\"widget\" data-widget_type=\"button.default\">\n\t\t\t\t<div class=\"elementor-widget-container\">\n\t\t\t\t\t\t\t\t\t<div class=\"elementor-button-wrapper\">\n\t\t\t\t\t<a class=\"elementor-button elementor-button-link elementor-size-sm elementor-animation-grow\" href=\"\/kjoretimer\/\">\n\t\t\t\t\t\t<span class=\"elementor-button-content-wrapper\">\n\t\t\t\t\t\t<span class=\"elementor-button-icon\">\n\t\t\t\t<i aria-hidden=\"true\" class=\"fas fa-chevron-right\"><\/i>\t\t\t<\/span>\n\t\t\t\t\t\t\t\t\t<span class=\"elementor-button-text\">Book kj\u00f8retime<\/span>\n\t\t\t\t\t<\/span>\n\t\t\t\t\t<\/a>\n\t\t\t\t<\/div>\n\t\t\t\t\t\t\t\t<\/div>\n\t\t\t\t<\/div>\n\t\t\t\t<section class=\"elementor-section elementor-inner-section elementor-element elementor-element-aa3027a elementor-section-boxed elementor-section-height-default elementor-section-height-default\" data-id=\"aa3027a\" data-element_type=\"section\" data-e-type=\"section\">\n\t\t\t\t\t\t<div class=\"elementor-container elementor-column-gap-default\">\n\t\t\t\t\t<div class=\"elementor-column elementor-col-100 elementor-inner-column elementor-element elementor-element-b834938\" data-id=\"b834938\" data-element_type=\"column\" data-e-type=\"column\">\n\t\t\t<div class=\"elementor-widget-wrap elementor-element-populated\">\n\t\t\t\t\t\t<div class=\"elementor-element elementor-element-ee3e95f elementor-view-stacked elementor-shape-square elementor-widget__width-initial elementor-widget elementor-widget-icon\" data-id=\"ee3e95f\" data-element_type=\"widget\" data-e-type=\"widget\" data-widget_type=\"icon.default\">\n\t\t\t\t<div class=\"elementor-widget-container\">\n\t\t\t\t\t\t\t<div class=\"elementor-icon-wrapper\">\n\t\t\t<a class=\"elementor-icon\" href=\"tel:004722445410\">\n\t\t\t<i aria-hidden=\"true\" class=\"fas fa-phone-alt\"><\/i>\t\t\t<\/a>\n\t\t<\/div>\n\t\t\t\t\t\t<\/div>\n\t\t\t\t<\/div>\n\t\t\t\t<div class=\"elementor-element elementor-element-db88dd1 elementor-view-stacked elementor-shape-square elementor-widget__width-initial elementor-widget elementor-widget-icon\" data-id=\"db88dd1\" data-element_type=\"widget\" data-e-type=\"widget\" data-widget_type=\"icon.default\">\n\t\t\t\t<div class=\"elementor-widget-container\">\n\t\t\t\t\t\t\t<div class=\"elementor-icon-wrapper\">\n\t\t\t<a class=\"elementor-icon\" href=\"mailto:post@osloteamtrafikkskole.no\">\n\t\t\t<i aria-hidden=\"true\" class=\"fas fa-envelope\"><\/i>\t\t\t<\/a>\n\t\t<\/div>\n\t\t\t\t\t\t<\/div>\n\t\t\t\t<\/div>\n\t\t\t\t<div class=\"elementor-element elementor-element-677792a elementor-view-stacked elementor-shape-square elementor-widget__width-initial elementor-widget elementor-widget-icon\" data-id=\"677792a\" data-element_type=\"widget\" data-e-type=\"widget\" data-widget_type=\"icon.default\">\n\t\t\t\t<div class=\"elementor-widget-container\">\n\t\t\t\t\t\t\t<div class=\"elementor-icon-wrapper\">\n\t\t\t<a class=\"elementor-icon\" href=\"https:\/\/goo.gl\/maps\/agTuZo1fvGwEUkQd6\" target=\"_blank\">\n\t\t\t<i aria-hidden=\"true\" class=\"fas fa-map-marker-alt\"><\/i>\t\t\t<\/a>\n\t\t<\/div>\n\t\t\t\t\t\t<\/div>\n\t\t\t\t<\/div>\n\t\t\t\t<div class=\"elementor-element elementor-element-1e09a54 elementor-view-stacked elementor-shape-square elementor-widget__width-initial elementor-widget elementor-widget-icon\" data-id=\"1e09a54\" data-element_type=\"widget\" data-e-type=\"widget\" data-widget_type=\"icon.default\">\n\t\t\t\t<div class=\"elementor-widget-container\">\n\t\t\t\t\t\t\t<div class=\"elementor-icon-wrapper\">\n\t\t\t<a class=\"elementor-icon\" href=\"https:\/\/www.facebook.com\/osloteamtrafikkskole\/?locale=nb_NO\" target=\"_blank\">\n\t\t\t<i aria-hidden=\"true\" class=\"fab fa-facebook-f\"><\/i>\t\t\t<\/a>\n\t\t<\/div>\n\t\t\t\t\t\t<\/div>\n\t\t\t\t<\/div>\n\t\t\t\t\t<\/div>\n\t\t<\/div>\n\t\t\t\t\t<\/div>\n\t\t<\/section>\n\t\t\t\t\t<\/div>\n\t\t<\/div>\n\t\t\t\t<div class=\"elementor-column elementor-col-50 elementor-top-column elementor-element elementor-element-d7c653b elementor-stretch-column-right\" data-id=\"d7c653b\" data-element_type=\"column\" data-e-type=\"column\" data-settings=\"{&quot;background_background&quot;:&quot;classic&quot;}\">\n\t\t\t<div class=\"elementor-widget-wrap elementor-element-populated\">\n\t\t\t\t\t<div class=\"elementor-background-overlay\"><\/div>\n\t\t\t\t\t\t<section class=\"elementor-section elementor-inner-section elementor-element elementor-element-54615e7 elementor-section-boxed elementor-section-height-default elementor-section-height-default\" data-id=\"54615e7\" data-element_type=\"section\" data-e-type=\"section\">\n\t\t\t\t\t\t<div class=\"elementor-container elementor-column-gap-default\">\n\t\t\t\t\t<div class=\"elementor-column elementor-col-100 elementor-inner-column elementor-element elementor-element-fc695ae bdt-backdrop-filter-yes bdt-filter-backdrop\" data-id=\"fc695ae\" data-element_type=\"column\" data-e-type=\"column\" data-settings=\"{&quot;background_background&quot;:&quot;classic&quot;}\">\n\t\t\t<div class=\"elementor-widget-wrap elementor-element-populated\">\n\t\t\t\t\t\t<div class=\"elementor-element elementor-element-5ec3893 elementor-widget elementor-widget-heading\" data-id=\"5ec3893\" data-element_type=\"widget\" data-e-type=\"widget\" data-widget_type=\"heading.default\">\n\t\t\t\t<div class=\"elementor-widget-container\">\n\t\t\t\t\t<h5 class=\"elementor-heading-title elementor-size-default\">Kontaktskjema <\/h5>\t\t\t\t<\/div>\n\t\t\t\t<\/div>\n\t\t\t\t<div class=\"elementor-element elementor-element-3f23d381 elementor-button-align-stretch elementor-widget elementor-widget-form\" data-id=\"3f23d381\" data-element_type=\"widget\" data-e-type=\"widget\" data-settings=\"{&quot;step_next_label&quot;:&quot;Next&quot;,&quot;step_previous_label&quot;:&quot;Previous&quot;,&quot;button_width&quot;:&quot;100&quot;,&quot;step_type&quot;:&quot;number_text&quot;,&quot;step_icon_shape&quot;:&quot;circle&quot;}\" data-widget_type=\"form.default\">\n\t\t\t\t<div class=\"elementor-widget-container\">\n\t\t\t\t\t\t\t<form class=\"elementor-form\" method=\"post\" id=\"skjema_forside2\" name=\"Kontaktskjema\" aria-label=\"Kontaktskjema\">\n\t\t\t<input type=\"hidden\" name=\"post_id\" value=\"28\"\/>\n\t\t\t<input type=\"hidden\" name=\"form_id\" value=\"3f23d381\"\/>\n\t\t\t<input type=\"hidden\" name=\"referer_title\" value=\"Oslo Team Trafikkskole As\" \/>\n\n\t\t\t\n\t\t\t<div class=\"elementor-form-fields-wrapper elementor-labels-\">\n\t\t\t\t\t\t\t\t<div class=\"elementor-field-type-text elementor-field-group elementor-column elementor-field-group-fornavn elementor-col-100 elementor-field-required\">\n\t\t\t\t\t\t\t\t\t\t\t\t<label for=\"form-field-fornavn\" class=\"elementor-field-label elementor-screen-only\">\n\t\t\t\t\t\t\t\tFornavn\t\t\t\t\t\t\t<\/label>\n\t\t\t\t\t\t\t\t\t\t\t\t\t\t<input size=\"1\" type=\"text\" name=\"form_fields[fornavn]\" id=\"form-field-fornavn\" class=\"elementor-field elementor-size-sm  elementor-field-textual\" placeholder=\"Fult navn*\" required=\"required\">\n\t\t\t\t\t\t\t\t\t\t\t<\/div>\n\t\t\t\t\t\t\t\t<div class=\"elementor-field-type-email elementor-field-group elementor-column elementor-field-group-epost elementor-col-50 elementor-field-required\">\n\t\t\t\t\t\t\t\t\t\t\t\t<label for=\"form-field-epost\" class=\"elementor-field-label elementor-screen-only\">\n\t\t\t\t\t\t\t\tE-post\t\t\t\t\t\t\t<\/label>\n\t\t\t\t\t\t\t\t\t\t\t\t\t\t<input size=\"1\" type=\"email\" name=\"form_fields[epost]\" id=\"form-field-epost\" class=\"elementor-field elementor-size-sm  elementor-field-textual\" placeholder=\"E-post*\" required=\"required\">\n\t\t\t\t\t\t\t\t\t\t\t<\/div>\n\t\t\t\t\t\t\t\t<div class=\"elementor-field-type-tel elementor-field-group elementor-column elementor-field-group-tel elementor-col-50\">\n\t\t\t\t\t\t\t\t\t\t\t\t<label for=\"form-field-tel\" class=\"elementor-field-label elementor-screen-only\">\n\t\t\t\t\t\t\t\tTelefonnummer\t\t\t\t\t\t\t<\/label>\n\t\t\t\t\t\t\t\t<input size=\"1\" type=\"tel\" name=\"form_fields[tel]\" id=\"form-field-tel\" class=\"elementor-field elementor-size-sm  elementor-field-textual\" placeholder=\"Telefonnummer\" pattern=\"[0-9()#&amp;+*-=.]+\" title=\"Only numbers and phone characters (#, -, *, etc) are accepted.\">\n\n\t\t\t\t\t\t<\/div>\n\t\t\t\t\t\t\t\t<div class=\"elementor-field-type-date elementor-field-group elementor-column elementor-field-group-dato elementor-col-100 elementor-field-required\">\n\t\t\t\t\t\t\t\t\t\t\t\t<label for=\"form-field-dato\" class=\"elementor-field-label elementor-screen-only\">\n\t\t\t\t\t\t\t\tdato\t\t\t\t\t\t\t<\/label>\n\t\t\t\t\t\t\n\t\t<input type=\"date\" name=\"form_fields[dato]\" id=\"form-field-dato\" class=\"elementor-field elementor-size-sm  elementor-field-textual elementor-date-field\" placeholder=\"F\u00f8dselsdato*\" required=\"required\" pattern=\"[0-9]{4}-[0-9]{2}-[0-9]{2}\">\n\t\t\t\t\t\t<\/div>\n\t\t\t\t\t\t\t\t<div class=\"elementor-field-type-textarea elementor-field-group elementor-column elementor-field-group-melding elementor-col-100 elementor-field-required\">\n\t\t\t\t\t\t\t\t\t\t\t\t<label for=\"form-field-melding\" class=\"elementor-field-label elementor-screen-only\">\n\t\t\t\t\t\t\t\tMelding\t\t\t\t\t\t\t<\/label>\n\t\t\t\t\t\t<textarea class=\"elementor-field-textual elementor-field  elementor-size-sm\" name=\"form_fields[melding]\" id=\"form-field-melding\" rows=\"4\" placeholder=\"Skriv din melding her...*\" required=\"required\"><\/textarea>\t\t\t\t<\/div>\n\t\t\t\t\t\t\t\t<div class=\"elementor-field-type-recaptcha elementor-field-group elementor-column elementor-field-group-rc elementor-col-100\">\n\t\t\t\t\t<div class=\"elementor-field\" id=\"form-field-rc\"><div class=\"elementor-g-recaptcha\" data-sitekey=\"6LdDHfMlAAAAAPWdwCuc4prsjbZznmTybHMxFbF8\" data-type=\"v2_checkbox\" data-theme=\"light\" data-size=\"normal\"><\/div><\/div>\t\t\t\t<\/div>\n\t\t\t\t\t\t\t\t<div class=\"elementor-field-group elementor-column elementor-field-type-submit elementor-col-100 e-form__buttons\">\n\t\t\t\t\t<button class=\"elementor-button elementor-size-sm\" type=\"submit\">\n\t\t\t\t\t\t<span class=\"elementor-button-content-wrapper\">\n\t\t\t\t\t\t\t\t\t\t\t\t\t\t\t\t\t\t\t\t\t\t<span class=\"elementor-button-text\">Send<\/span>\n\t\t\t\t\t\t\t\t\t\t\t\t\t<\/span>\n\t\t\t\t\t<\/button>\n\t\t\t\t<\/div>\n\t\t\t<\/div>\n\t\t<\/form>\n\t\t\t\t\t\t<\/div>\n\t\t\t\t<\/div>\n\t\t\t\t\t<\/div>\n\t\t<\/div>\n\t\t\t\t\t<\/div>\n\t\t<\/section>\n\t\t\t\t\t<\/div>\n\t\t<\/div>\n\t\t\t\t\t<\/div>\n\t\t<\/section>\n\t\t\t\t<section class=\"elementor-section elementor-top-section elementor-element elementor-element-c603849 elementor-section-full_width elementor-section-height-default elementor-section-height-default\" data-id=\"c603849\" data-element_type=\"section\" data-e-type=\"section\">\n\t\t\t\t\t\t<div class=\"elementor-container elementor-column-gap-no\">\n\t\t\t\t\t<div class=\"elementor-column elementor-col-100 elementor-top-column elementor-element elementor-element-37792c7\" data-id=\"37792c7\" data-element_type=\"column\" data-e-type=\"column\">\n\t\t\t<div class=\"elementor-widget-wrap elementor-element-populated\">\n\t\t\t\t\t\t<div class=\"elementor-element elementor-element-bc50466 elementor-widget elementor-widget-google_maps\" data-id=\"bc50466\" data-element_type=\"widget\" data-e-type=\"widget\" data-widget_type=\"google_maps.default\">\n\t\t\t\t<div class=\"elementor-widget-container\">\n\t\t\t\t\t\t\t<div class=\"elementor-custom-embed\">\n\t\t\t<iframe loading=\"lazy\"\n\t\t\t\t\tsrc=\"https:\/\/maps.google.com\/maps?q=Oslo%20Team%20Trafikkskole%20As&#038;t=m&#038;z=13&#038;output=embed&#038;iwloc=near\"\n\t\t\t\t\ttitle=\"Oslo Team Trafikkskole As\"\n\t\t\t\t\taria-label=\"Oslo Team Trafikkskole As\"\n\t\t\t><\/iframe>\n\t\t<\/div>\n\t\t\t\t\t\t<\/div>\n\t\t\t\t<\/div>\n\t\t\t\t\t<\/div>\n\t\t<\/div>\n\t\t\t\t\t<\/div>\n\t\t<\/section>\n\t\t\t\t<\/div>\n\t\t","protected":false},"excerpt":{"rendered":"<p>Kontakt oss Kontakt oss Oslo team Trafikkskole \u00d8nsker du \u00e5 starte p\u00e5 din vei mot f\u00f8rerkortet? Vi hjelper deg gjerne, og tilpasser oss etter dine behov. Det er viktig for oss at du skal ha en trygg og god start p\u00e5 f\u00f8reroppl\u00e6ringen. Vi holder til sentralt p\u00e5 Frogner i Odinsgate 11. For \u00e5 komme til [&hellip;]<\/p>\n","protected":false},"author":1,"featured_media":0,"parent":0,"menu_order":0,"comment_status":"closed","ping_status":"closed","template":"","meta":{"footnotes":""},"class_list":["post-28","page","type-page","status-publish","hentry"],"yoast_head":"<!-- This site is optimized with the Yoast SEO plugin v27.4 - https:\/\/yoast.com\/product\/yoast-seo-wordpress\/ -->\n<title>Kontakt oss - Oslo Team Trafikkskole As<\/title>\n<meta name=\"robots\" content=\"index, follow, max-snippet:-1, max-image-preview:large, max-video-preview:-1\" \/>\n<link rel=\"canonical\" href=\"https:\/\/osloteamtrafikkskole.no\/en_gb\/kontakt-oss\/\" \/>\n<meta property=\"og:locale\" content=\"en_GB\" \/>\n<meta property=\"og:type\" content=\"article\" \/>\n<meta property=\"og:title\" content=\"Kontakt oss - Oslo Team Trafikkskole As\" \/>\n<meta property=\"og:description\" content=\"Kontakt oss Kontakt oss Oslo team Trafikkskole \u00d8nsker du \u00e5 starte p\u00e5 din vei mot f\u00f8rerkortet? Vi hjelper deg gjerne, og tilpasser oss etter dine behov. Det er viktig for oss at du skal ha en trygg og god start p\u00e5 f\u00f8reroppl\u00e6ringen. Vi holder til sentralt p\u00e5 Frogner i Odinsgate 11. For \u00e5 komme til [&hellip;]\" \/>\n<meta property=\"og:url\" content=\"https:\/\/osloteamtrafikkskole.no\/en_gb\/kontakt-oss\/\" \/>\n<meta property=\"og:site_name\" content=\"Oslo Team Trafikkskole As\" \/>\n<meta property=\"article:publisher\" content=\"https:\/\/www.facebook.com\/osloteamtrafikkskole?locale=nb_NO\" \/>\n<meta property=\"article:modified_time\" content=\"2023-06-21T12:32:13+00:00\" \/>\n<meta name=\"twitter:card\" content=\"summary_large_image\" \/>\n<meta name=\"twitter:label1\" content=\"Estimated reading time\" \/>\n\t<meta name=\"twitter:data1\" content=\"1 minute\" \/>\n<script type=\"application\/ld+json\" class=\"yoast-schema-graph\">{\"@context\":\"https:\\\/\\\/schema.org\",\"@graph\":[{\"@type\":\"WebPage\",\"@id\":\"https:\\\/\\\/osloteamtrafikkskole.no\\\/kontakt-oss\\\/\",\"url\":\"https:\\\/\\\/osloteamtrafikkskole.no\\\/kontakt-oss\\\/\",\"name\":\"Kontakt oss - Oslo Team Trafikkskole As\",\"isPartOf\":{\"@id\":\"https:\\\/\\\/osloteamtrafikkskole.no\\\/#website\"},\"datePublished\":\"2023-05-05T06:41:31+00:00\",\"dateModified\":\"2023-06-21T12:32:13+00:00\",\"breadcrumb\":{\"@id\":\"https:\\\/\\\/osloteamtrafikkskole.no\\\/kontakt-oss\\\/#breadcrumb\"},\"inLanguage\":\"en-GB\",\"potentialAction\":[{\"@type\":\"ReadAction\",\"target\":[\"https:\\\/\\\/osloteamtrafikkskole.no\\\/kontakt-oss\\\/\"]}]},{\"@type\":\"BreadcrumbList\",\"@id\":\"https:\\\/\\\/osloteamtrafikkskole.no\\\/kontakt-oss\\\/#breadcrumb\",\"itemListElement\":[{\"@type\":\"ListItem\",\"position\":1,\"name\":\"Hjem\",\"item\":\"https:\\\/\\\/osloteamtrafikkskole.no\\\/\"},{\"@type\":\"ListItem\",\"position\":2,\"name\":\"Kontakt oss\"}]},{\"@type\":\"WebSite\",\"@id\":\"https:\\\/\\\/osloteamtrafikkskole.no\\\/#website\",\"url\":\"https:\\\/\\\/osloteamtrafikkskole.no\\\/\",\"name\":\"Oslo Team Trafikkskole As\",\"description\":\"Din trafikkskole i Oslo\",\"publisher\":{\"@id\":\"https:\\\/\\\/osloteamtrafikkskole.no\\\/#organization\"},\"potentialAction\":[{\"@type\":\"SearchAction\",\"target\":{\"@type\":\"EntryPoint\",\"urlTemplate\":\"https:\\\/\\\/osloteamtrafikkskole.no\\\/?s={search_term_string}\"},\"query-input\":{\"@type\":\"PropertyValueSpecification\",\"valueRequired\":true,\"valueName\":\"search_term_string\"}}],\"inLanguage\":\"en-GB\"},{\"@type\":\"Organization\",\"@id\":\"https:\\\/\\\/osloteamtrafikkskole.no\\\/#organization\",\"name\":\"Oslo Team Trafikkskole As\",\"url\":\"https:\\\/\\\/osloteamtrafikkskole.no\\\/\",\"logo\":{\"@type\":\"ImageObject\",\"inLanguage\":\"en-GB\",\"@id\":\"https:\\\/\\\/osloteamtrafikkskole.no\\\/#\\\/schema\\\/logo\\\/image\\\/\",\"url\":\"https:\\\/\\\/osloteamtrafikkskole.no\\\/wp-content\\\/uploads\\\/2023\\\/05\\\/Logo_hvit_PNG.png\",\"contentUrl\":\"https:\\\/\\\/osloteamtrafikkskole.no\\\/wp-content\\\/uploads\\\/2023\\\/05\\\/Logo_hvit_PNG.png\",\"width\":1339,\"height\":375,\"caption\":\"Oslo Team Trafikkskole As\"},\"image\":{\"@id\":\"https:\\\/\\\/osloteamtrafikkskole.no\\\/#\\\/schema\\\/logo\\\/image\\\/\"},\"sameAs\":[\"https:\\\/\\\/www.facebook.com\\\/osloteamtrafikkskole?locale=nb_NO\",\"https:\\\/\\\/www.instagram.com\\\/osloteamtrafikkskole\\\/\"]}]}<\/script>\n<!-- \/ Yoast SEO plugin. -->","yoast_head_json":{"title":"Contact us - Oslo Team Trafikkskole As","robots":{"index":"index","follow":"follow","max-snippet":"max-snippet:-1","max-image-preview":"max-image-preview:large","max-video-preview":"max-video-preview:-1"},"canonical":"https:\/\/osloteamtrafikkskole.no\/en_gb\/kontakt-oss\/","og_locale":"en_GB","og_type":"article","og_title":"Kontakt oss - Oslo Team Trafikkskole As","og_description":"Kontakt oss Kontakt oss Oslo team Trafikkskole \u00d8nsker du \u00e5 starte p\u00e5 din vei mot f\u00f8rerkortet? Vi hjelper deg gjerne, og tilpasser oss etter dine behov. Det er viktig for oss at du skal ha en trygg og god start p\u00e5 f\u00f8reroppl\u00e6ringen. Vi holder til sentralt p\u00e5 Frogner i Odinsgate 11. For \u00e5 komme til [&hellip;]","og_url":"https:\/\/osloteamtrafikkskole.no\/en_gb\/kontakt-oss\/","og_site_name":"Oslo Team Trafikkskole As","article_publisher":"https:\/\/www.facebook.com\/osloteamtrafikkskole?locale=nb_NO","article_modified_time":"2023-06-21T12:32:13+00:00","twitter_card":"summary_large_image","twitter_misc":{"Estimated reading time":"1 minute"},"schema":{"@context":"https:\/\/schema.org","@graph":[{"@type":"WebPage","@id":"https:\/\/osloteamtrafikkskole.no\/kontakt-oss\/","url":"https:\/\/osloteamtrafikkskole.no\/kontakt-oss\/","name":"Contact us - Oslo Team Trafikkskole As","isPartOf":{"@id":"https:\/\/osloteamtrafikkskole.no\/#website"},"datePublished":"2023-05-05T06:41:31+00:00","dateModified":"2023-06-21T12:32:13+00:00","breadcrumb":{"@id":"https:\/\/osloteamtrafikkskole.no\/kontakt-oss\/#breadcrumb"},"inLanguage":"en-GB","potentialAction":[{"@type":"ReadAction","target":["https:\/\/osloteamtrafikkskole.no\/kontakt-oss\/"]}]},{"@type":"BreadcrumbList","@id":"https:\/\/osloteamtrafikkskole.no\/kontakt-oss\/#breadcrumb","itemListElement":[{"@type":"ListItem","position":1,"name":"Hjem","item":"https:\/\/osloteamtrafikkskole.no\/"},{"@type":"ListItem","position":2,"name":"Kontakt oss"}]},{"@type":"WebSite","@id":"https:\/\/osloteamtrafikkskole.no\/#website","url":"https:\/\/osloteamtrafikkskole.no\/","name":"Oslo Team Trafikkskole As","description":"Your Driving School in Oslo","publisher":{"@id":"https:\/\/osloteamtrafikkskole.no\/#organization"},"potentialAction":[{"@type":"SearchAction","target":{"@type":"EntryPoint","urlTemplate":"https:\/\/osloteamtrafikkskole.no\/?s={search_term_string}"},"query-input":{"@type":"PropertyValueSpecification","valueRequired":true,"valueName":"search_term_string"}}],"inLanguage":"en-GB"},{"@type":"Organization","@id":"https:\/\/osloteamtrafikkskole.no\/#organization","name":"Oslo Team Trafikkskole As","url":"https:\/\/osloteamtrafikkskole.no\/","logo":{"@type":"ImageObject","inLanguage":"en-GB","@id":"https:\/\/osloteamtrafikkskole.no\/#\/schema\/logo\/image\/","url":"https:\/\/osloteamtrafikkskole.no\/wp-content\/uploads\/2023\/05\/Logo_hvit_PNG.png","contentUrl":"https:\/\/osloteamtrafikkskole.no\/wp-content\/uploads\/2023\/05\/Logo_hvit_PNG.png","width":1339,"height":375,"caption":"Oslo Team Trafikkskole As"},"image":{"@id":"https:\/\/osloteamtrafikkskole.no\/#\/schema\/logo\/image\/"},"sameAs":["https:\/\/www.facebook.com\/osloteamtrafikkskole?locale=nb_NO","https:\/\/www.instagram.com\/osloteamtrafikkskole\/"]}]}},"_links":{"self":[{"href":"https:\/\/osloteamtrafikkskole.no\/en_gb\/wp-json\/wp\/v2\/pages\/28","targetHints":{"allow":["GET"]}}],"collection":[{"href":"https:\/\/osloteamtrafikkskole.no\/en_gb\/wp-json\/wp\/v2\/pages"}],"about":[{"href":"https:\/\/osloteamtrafikkskole.no\/en_gb\/wp-json\/wp\/v2\/types\/page"}],"author":[{"embeddable":true,"href":"https:\/\/osloteamtrafikkskole.no\/en_gb\/wp-json\/wp\/v2\/users\/1"}],"replies":[{"embeddable":true,"href":"https:\/\/osloteamtrafikkskole.no\/en_gb\/wp-json\/wp\/v2\/comments?post=28"}],"version-history":[{"count":5,"href":"https:\/\/osloteamtrafikkskole.no\/en_gb\/wp-json\/wp\/v2\/pages\/28\/revisions"}],"predecessor-version":[{"id":1255,"href":"https:\/\/osloteamtrafikkskole.no\/en_gb\/wp-json\/wp\/v2\/pages\/28\/revisions\/1255"}],"wp:attachment":[{"href":"https:\/\/osloteamtrafikkskole.no\/en_gb\/wp-json\/wp\/v2\/media?parent=28"}],"curies":[{"name":"wp","href":"https:\/\/api.w.org\/{rel}","templated":true}]}}